{"id":58,"date":"2021-11-17T23:16:59","date_gmt":"2021-11-17T22:16:59","guid":{"rendered":"https:\/\/juhl.engineering\/?page_id=58"},"modified":"2022-03-06T21:03:11","modified_gmt":"2022-03-06T20:03:11","slug":"projekte","status":"publish","type":"page","link":"https:\/\/juhl.engineering\/en\/projekte\/","title":{"rendered":"Projects"},"content":{"rendered":"<p>[et_pb_section fb_built=&#8220;1&#8243; custom_padding_last_edited=&#8220;on|phone&#8220; _builder_version=&#8220;4.14.2&#8243; _module_preset=&#8220;default&#8220; use_background_color_gradient=&#8220;on&#8220; background_color_gradient_start=&#8220;rgba(0,0,0,0)&#8220; background_color_gradient_end=&#8220;#142a37&#8243; background_color_gradient_overlays_image=&#8220;on&#8220; background_image=&#8220;https:\/\/juhl.engineering\/wp-content\/uploads\/2021\/11\/JuhlEngineering_Banner-3.png&#8220; background_position=&#8220;bottom_center&#8220; height=&#8220;80vh&#8220; height_tablet=&#8220;80vh&#8220; height_phone=&#8220;50vh&#8220; height_last_edited=&#8220;on|phone&#8220; custom_padding_tablet=&#8220;&#8220; custom_padding_phone=&#8220;||0px||false|false&#8220; locked=&#8220;off&#8220; global_colors_info=&#8220;{}&#8220;][\/et_pb_section][et_pb_section fb_built=&#8220;1&#8243; _builder_version=&#8220;4.13.1&#8243; _module_preset=&#8220;default&#8220; background_color=&#8220;#142A37&#8243; locked=&#8220;off&#8220; global_colors_info=&#8220;{}&#8220;][et_pb_row custom_padding_last_edited=&#8220;on|phone&#8220; _builder_version=&#8220;4.14.1&#8243; _module_preset=&#8220;default&#8220; custom_padding_tablet=&#8220;&#8220; custom_padding_phone=&#8220;||0px||false|false&#8220; global_colors_info=&#8220;{}&#8220;][et_pb_column type=&#8220;4_4&#8243; _builder_version=&#8220;4.13.1&#8243; _module_preset=&#8220;default&#8220; global_colors_info=&#8220;{}&#8220;][et_pb_text _builder_version=&#8220;4.14.1&#8243; _module_preset=&#8220;default&#8220; header_4_font_size_tablet=&#8220;&#8220; header_4_font_size_phone=&#8220;20px&#8220; header_4_font_size_last_edited=&#8220;on|phone&#8220; global_colors_info=&#8220;{}&#8220;]<\/p>\n<h4 style=\"text-align: left;\">\u00a0,,Getting together is a start, sticking together is progress, working together is a success.\"<\/h4>\n<h5 style=\"text-align: right;\">Henry Ford<\/h5>\n<p>&nbsp;<\/p>\n<p>[\/et_pb_text][\/et_pb_column][\/et_pb_row][et_pb_row column_structure=&#8220;2_5,3_5&#8243; custom_padding_last_edited=&#8220;on|phone&#8220; _builder_version=&#8220;4.14.1&#8243; _module_preset=&#8220;default&#8220; custom_padding_tablet=&#8220;&#8220; custom_padding_phone=&#8220;0px||||false|false&#8220; global_colors_info=&#8220;{}&#8220;][et_pb_column type=&#8220;2_5&#8243; _builder_version=&#8220;4.13.1&#8243; _module_preset=&#8220;default&#8220; global_colors_info=&#8220;{}&#8220;][\/et_pb_column][et_pb_column type=&#8220;3_5&#8243; _builder_version=&#8220;4.13.1&#8243; _module_preset=&#8220;default&#8220; global_colors_info=&#8220;{}&#8220;][et_pb_text _builder_version=&#8220;4.14.1&#8243; _module_preset=&#8220;default&#8220; header_text_color=&#8220;#FEBF79&#8243; header_font_size_tablet=&#8220;&#8220; header_font_size_phone=&#8220;30px&#8220; header_font_size_last_edited=&#8220;on|phone&#8220; global_colors_info=&#8220;{}&#8220;]<\/p>\n<h1>Projects<\/h1>\n<p>[\/et_pb_text][et_pb_text _builder_version=&#8220;4.14.2&#8243; _module_preset=&#8220;default&#8220; text_orientation=&#8220;justified&#8220; text_orientation_tablet=&#8220;justified&#8220; text_orientation_phone=&#8220;left&#8220; text_orientation_last_edited=&#8220;on|phone&#8220; global_colors_info=&#8220;{}&#8220;]<\/p>\n<p>My work offers me great diversity in terms of content and on a collegial level. As the saying goes: \"Different countries, different customs.\" Through my numerous training and further education courses, I have developed an area of \u200b\u200bactivity that encompasses the entire globe. In addition to the new techniques, I also learn to question the old ones and get inspiration from mostly international teammates. The different people and the different areas of application inspire me anew in every project.<\/p>\n<p>[\/et_pb_text][\/et_pb_column][\/et_pb_row][\/et_pb_section][et_pb_section fb_built=&#8220;1&#8243; _builder_version=&#8220;4.14.2&#8243; _module_preset=&#8220;default&#8220; background_color=&#8220;#142A37&#8243; use_background_color_gradient=&#8220;on&#8220; background_color_gradient_start=&#8220;#1c4763&#8243; background_color_gradient_end=&#8220;#142a37&#8243; background_color_gradient_end_position=&#8220;25%&#8220; global_colors_info=&#8220;{}&#8220;][et_pb_row column_structure=&#8220;1_3,2_3&#8243; use_custom_gutter=&#8220;on&#8220; gutter_width=&#8220;1&#8243; make_equal=&#8220;on&#8220; _builder_version=&#8220;4.14.1&#8243; _dynamic_attributes=&#8220;link_option_url&#8220; _module_preset=&#8220;default&#8220; link_option_url=&#8220;@ET-DC@eyJkeW5hbWljIjp0cnVlLCJjb250ZW50IjoicG9zdF9saW5rX3VybF9wYWdlIiwic2V0dGluZ3MiOnsicG9zdF9pZCI6IjIzNTAxMiJ9fQ==@&#8220; global_colors_info=&#8220;{}&#8220;][et_pb_column type=&#8220;1_3&#8243; _builder_version=&#8220;4.14.1&#8243; _module_preset=&#8220;default&#8220; custom_css_main_element=&#8220;margin-top: auto;||margin-bottom:auto;&#8220; global_colors_info=&#8220;{}&#8220;][et_pb_image src=&#8220;https:\/\/juhl.engineering\/wp-content\/uploads\/2022\/03\/Juhl-Eningeering_Mega-Yacht-repai.png&#8220; title_text=&#8220;Juhl Eningeering_Mega Yacht repai&#8220; _builder_version=&#8220;4.14.2&#8243; _module_preset=&#8220;default&#8220; animation_style=&#8220;slide&#8220; animation_direction=&#8220;left&#8220; animation_intensity_slide=&#8220;20%&#8220; hover_enabled=&#8220;0&#8243; global_colors_info=&#8220;{}&#8220; sticky_enabled=&#8220;0&#8243;][\/et_pb_image][\/et_pb_column][et_pb_column type=&#8220;2_3&#8243; _builder_version=&#8220;4.14.1&#8243; _module_preset=&#8220;default&#8220; global_colors_info=&#8220;{}&#8220;][et_pb_image src=&#8220;https:\/\/juhl.engineering\/wp-content\/uploads\/2021\/11\/Juhl-Engineering_MY-Katara_-Rendsburg-Nobiskrug-2021_11.jpg&#8220; title_text=&#8220;Juhl Engineering_MY ,,Katara_ &#8211; Rendsburg Nobiskrug 2021_11&#8243; _builder_version=&#8220;4.14.1&#8243; _module_preset=&#8220;default&#8220; transform_scale_linked=&#8220;off&#8220; filter_saturate=&#8220;0%&#8220; animation_style=&#8220;slide&#8220; animation_direction=&#8220;right&#8220; animation_intensity_slide=&#8220;20%&#8220; global_colors_info=&#8220;{}&#8220; filter_saturate__hover_enabled=&#8220;on|hover&#8220; filter_saturate__hover=&#8220;100%&#8220;][\/et_pb_image][\/et_pb_column][\/et_pb_row][et_pb_row column_structure=&#8220;2_3,1_3&#8243; use_custom_gutter=&#8220;on&#8220; gutter_width=&#8220;1&#8243; make_equal=&#8220;on&#8220; _builder_version=&#8220;4.14.1&#8243; _dynamic_attributes=&#8220;link_option_url&#8220; _module_preset=&#8220;default&#8220; link_option_url=&#8220;@ET-DC@eyJkeW5hbWljIjp0cnVlLCJjb250ZW50IjoicG9zdF9saW5rX3VybF9wYWdlIiwic2V0dGluZ3MiOnsicG9zdF9pZCI6IjIzNDk3NyJ9fQ==@&#8220; custom_css_main_element=&#8220;display: flex;||flex-wrap: wrap;&#8220; global_colors_info=&#8220;{}&#8220;][et_pb_column type=&#8220;2_3&#8243; _builder_version=&#8220;4.14.1&#8243; _module_preset=&#8220;default&#8220; custom_css_main_element=&#8220;order:2;&#8220; global_colors_info=&#8220;{}&#8220;][et_pb_image src=&#8220;https:\/\/juhl.engineering\/wp-content\/uploads\/2021\/11\/Juhl-Engineering_GlobalClass2-Rostock-2020_9.jpg&#8220; title_text=&#8220;Juhl-Engineering_GlobalClass2&#8212;Rostock-2020_9&#8243; _builder_version=&#8220;4.14.1&#8243; _module_preset=&#8220;default&#8220; filter_saturate=&#8220;0%&#8220; animation_style=&#8220;slide&#8220; animation_direction=&#8220;left&#8220; animation_intensity_slide=&#8220;20%&#8220; global_colors_info=&#8220;{}&#8220; filter_saturate__hover_enabled=&#8220;on|hover&#8220; filter_saturate__hover=&#8220;100%&#8220;][\/et_pb_image][\/et_pb_column][et_pb_column type=&#8220;1_3&#8243; _builder_version=&#8220;4.14.1&#8243; _module_preset=&#8220;default&#8220; custom_css_main_element=&#8220;margin-top: auto;||margin-bottom:auto;||order:1;&#8220; global_colors_info=&#8220;{}&#8220;][et_pb_image src=&#8220;https:\/\/juhl.engineering\/wp-content\/uploads\/2021\/12\/Juhl-Engineering_GlobalClass2-Rostock-2020.png&#8220; title_text=&#8220;Juhl Engineering_GlobalClass2 &#8211; Rostock 2020&#8243; _builder_version=&#8220;4.14.1&#8243; _module_preset=&#8220;default&#8220; animation_style=&#8220;slide&#8220; animation_direction=&#8220;right&#8220; animation_intensity_slide=&#8220;20%&#8220; global_colors_info=&#8220;{}&#8220;][\/et_pb_image][\/et_pb_column][\/et_pb_row][et_pb_row column_structure=&#8220;1_3,2_3&#8243; use_custom_gutter=&#8220;on&#8220; gutter_width=&#8220;1&#8243; make_equal=&#8220;on&#8220; _builder_version=&#8220;4.14.1&#8243; _dynamic_attributes=&#8220;link_option_url&#8220; _module_preset=&#8220;default&#8220; link_option_url=&#8220;@ET-DC@eyJkeW5hbWljIjp0cnVlLCJjb250ZW50IjoicG9zdF9saW5rX3VybF9wYWdlIiwic2V0dGluZ3MiOnsicG9zdF9pZCI6IjIzNTExNyJ9fQ==@&#8220; global_colors_info=&#8220;{}&#8220;][et_pb_column type=&#8220;1_3&#8243; _builder_version=&#8220;4.14.1&#8243; _module_preset=&#8220;default&#8220; custom_css_main_element=&#8220;margin-top: auto;||margin-bottom:auto;&#8220; global_colors_info=&#8220;{}&#8220;][et_pb_image src=&#8220;https:\/\/juhl.engineering\/wp-content\/uploads\/2021\/12\/Juhl-Engineering_SKF-Hamburg-2020.png&#8220; title_text=&#8220;Juhl Engineering_SKF &#8211; Hamburg 2020&#8243; _builder_version=&#8220;4.14.1&#8243; _module_preset=&#8220;default&#8220; animation_style=&#8220;slide&#8220; animation_direction=&#8220;left&#8220; animation_intensity_slide=&#8220;20%&#8220; global_colors_info=&#8220;{}&#8220;][\/et_pb_image][\/et_pb_column][et_pb_column type=&#8220;2_3&#8243; _builder_version=&#8220;4.14.1&#8243; _module_preset=&#8220;default&#8220; global_colors_info=&#8220;{}&#8220;][et_pb_image src=&#8220;https:\/\/juhl.engineering\/wp-content\/uploads\/2021\/11\/Juhl-Engineering_SKF-Hamburg-2020_5.jpg&#8220; title_text=&#8220;Juhl Engineering_SKF-Hamburg 2020_5&#8243; _builder_version=&#8220;4.14.1&#8243; _module_preset=&#8220;default&#8220; filter_saturate=&#8220;0%&#8220; animation_style=&#8220;slide&#8220; animation_direction=&#8220;right&#8220; animation_intensity_slide=&#8220;20%&#8220; global_colors_info=&#8220;{}&#8220; filter_saturate__hover_enabled=&#8220;on|hover&#8220; filter_saturate__hover=&#8220;100%&#8220;][\/et_pb_image][\/et_pb_column][\/et_pb_row][et_pb_row column_structure=&#8220;2_3,1_3&#8243; use_custom_gutter=&#8220;on&#8220; gutter_width=&#8220;1&#8243; make_equal=&#8220;on&#8220; _builder_version=&#8220;4.14.1&#8243; _dynamic_attributes=&#8220;link_option_url&#8220; _module_preset=&#8220;default&#8220; link_option_url=&#8220;@ET-DC@eyJkeW5hbWljIjp0cnVlLCJjb250ZW50IjoicG9zdF9saW5rX3VybF9wYWdlIiwic2V0dGluZ3MiOnsicG9zdF9pZCI6IjIzNDk2NSJ9fQ==@&#8220; custom_css_main_element=&#8220;display: flex;||flex-wrap: wrap;&#8220; global_colors_info=&#8220;{}&#8220;][et_pb_column type=&#8220;2_3&#8243; _builder_version=&#8220;4.14.1&#8243; _module_preset=&#8220;default&#8220; custom_css_main_element=&#8220;order:2;&#8220; global_colors_info=&#8220;{}&#8220;][et_pb_image src=&#8220;https:\/\/juhl.engineering\/wp-content\/uploads\/2021\/11\/Juhl-Engineering_Boskalis-Helgoland-2019_1.jpg&#8220; title_text=&#8220;Juhl-Engineering_Boskalis&#8212;Helgoland-2019_1&#8243; _builder_version=&#8220;4.14.1&#8243; _module_preset=&#8220;default&#8220; filter_saturate=&#8220;0%&#8220; animation_style=&#8220;slide&#8220; animation_direction=&#8220;left&#8220; animation_intensity_slide=&#8220;20%&#8220; global_colors_info=&#8220;{}&#8220; filter_saturate__hover_enabled=&#8220;on|hover&#8220; filter_saturate__hover=&#8220;100%&#8220;][\/et_pb_image][\/et_pb_column][et_pb_column type=&#8220;1_3&#8243; _builder_version=&#8220;4.14.1&#8243; _module_preset=&#8220;default&#8220; custom_css_main_element=&#8220;margin-top: auto;||margin-bottom:auto;||order:1;&#8220; global_colors_info=&#8220;{}&#8220;][et_pb_image src=&#8220;https:\/\/juhl.engineering\/wp-content\/uploads\/2021\/12\/Juhl-Engineering_Boskalis-Helgoland-2019.png&#8220; title_text=&#8220;Juhl Engineering_Boskalis &#8211; Helgoland 2019&#8243; _builder_version=&#8220;4.14.1&#8243; _module_preset=&#8220;default&#8220; animation_style=&#8220;slide&#8220; animation_direction=&#8220;right&#8220; animation_intensity_slide=&#8220;20%&#8220; global_colors_info=&#8220;{}&#8220;][\/et_pb_image][\/et_pb_column][\/et_pb_row][et_pb_row column_structure=&#8220;1_3,2_3&#8243; use_custom_gutter=&#8220;on&#8220; gutter_width=&#8220;1&#8243; make_equal=&#8220;on&#8220; _builder_version=&#8220;4.14.1&#8243; _dynamic_attributes=&#8220;link_option_url&#8220; _module_preset=&#8220;default&#8220; link_option_url=&#8220;@ET-DC@eyJkeW5hbWljIjp0cnVlLCJjb250ZW50IjoicG9zdF9saW5rX3VybF9wYWdlIiwic2V0dGluZ3MiOnsicG9zdF9pZCI6IjIzNDk5NCJ9fQ==@&#8220; global_colors_info=&#8220;{}&#8220;][et_pb_column type=&#8220;1_3&#8243; _builder_version=&#8220;4.14.1&#8243; _module_preset=&#8220;default&#8220; custom_css_main_element=&#8220;margin-top: auto;||margin-bottom:auto;&#8220; global_colors_info=&#8220;{}&#8220;][et_pb_image src=&#8220;https:\/\/juhl.engineering\/wp-content\/uploads\/2021\/12\/Juhl-Engineering_Herren-WM-Russland-2018.png&#8220; title_text=&#8220;Juhl Engineering_Herren WM &#8211; Russland 2018&#8243; _builder_version=&#8220;4.14.1&#8243; _module_preset=&#8220;default&#8220; animation_style=&#8220;slide&#8220; animation_direction=&#8220;left&#8220; animation_intensity_slide=&#8220;20%&#8220; global_colors_info=&#8220;{}&#8220;][\/et_pb_image][\/et_pb_column][et_pb_column type=&#8220;2_3&#8243; _builder_version=&#8220;4.14.1&#8243; _module_preset=&#8220;default&#8220; global_colors_info=&#8220;{}&#8220;][et_pb_image src=&#8220;https:\/\/juhl.engineering\/wp-content\/uploads\/2021\/11\/Juhl-Engineering_Herren-WM-Russland-2018_2.jpg&#8220; title_text=&#8220;Juhl-Engineering_Herren-WM&#8212;Russland-2018_2&#8243; _builder_version=&#8220;4.14.1&#8243; _module_preset=&#8220;default&#8220; filter_saturate=&#8220;0%&#8220; animation_style=&#8220;slide&#8220; animation_direction=&#8220;right&#8220; animation_intensity_slide=&#8220;20%&#8220; global_colors_info=&#8220;{}&#8220; filter_saturate__hover_enabled=&#8220;on|hover&#8220; filter_saturate__hover=&#8220;100%&#8220;][\/et_pb_image][\/et_pb_column][\/et_pb_row][et_pb_row column_structure=&#8220;2_3,1_3&#8243; use_custom_gutter=&#8220;on&#8220; gutter_width=&#8220;1&#8243; make_equal=&#8220;on&#8220; _builder_version=&#8220;4.14.1&#8243; _dynamic_attributes=&#8220;link_option_url&#8220; _module_preset=&#8220;default&#8220; link_option_url=&#8220;@ET-DC@eyJkeW5hbWljIjp0cnVlLCJjb250ZW50IjoicG9zdF9saW5rX3VybF9wYWdlIiwic2V0dGluZ3MiOnsicG9zdF9pZCI6IjIzNDkzMCJ9fQ==@&#8220; custom_css_main_element=&#8220;display: flex;||flex-wrap: wrap;&#8220; global_colors_info=&#8220;{}&#8220;][et_pb_column type=&#8220;2_3&#8243; _builder_version=&#8220;4.14.1&#8243; _module_preset=&#8220;default&#8220; custom_css_main_element=&#8220;order:2;&#8220; global_colors_info=&#8220;{}&#8220;][et_pb_image src=&#8220;https:\/\/juhl.engineering\/wp-content\/uploads\/2021\/11\/Juhl-Engineering_Mall-of-Emirates-Dubai-2016_8.png&#8220; title_text=&#8220;Juhl Engineering_Mall of Emirates &#8211; Dubai 2016_8&#8243; _builder_version=&#8220;4.14.2&#8243; _module_preset=&#8220;default&#8220; filter_saturate=&#8220;0%&#8220; animation_style=&#8220;slide&#8220; animation_direction=&#8220;left&#8220; animation_intensity_slide=&#8220;20%&#8220; global_colors_info=&#8220;{}&#8220; filter_saturate__hover_enabled=&#8220;on|hover&#8220; filter_saturate__hover=&#8220;100%&#8220;][\/et_pb_image][\/et_pb_column][et_pb_column type=&#8220;1_3&#8243; _builder_version=&#8220;4.14.1&#8243; _module_preset=&#8220;default&#8220; custom_css_main_element=&#8220;margin-top: auto;||margin-bottom:auto;||order:1;&#8220; global_colors_info=&#8220;{}&#8220;][et_pb_image src=&#8220;https:\/\/juhl.engineering\/wp-content\/uploads\/2021\/12\/Juhl-Engineering_Mall-of-Emirates-Dubai-2016.png&#8220; title_text=&#8220;Juhl Engineering_Mall of Emirates &#8211; Dubai 2016&#8243; _builder_version=&#8220;4.14.1&#8243; _module_preset=&#8220;default&#8220; animation_style=&#8220;slide&#8220; animation_direction=&#8220;right&#8220; animation_intensity_slide=&#8220;20%&#8220; global_colors_info=&#8220;{}&#8220;][\/et_pb_image][\/et_pb_column][\/et_pb_row][\/et_pb_section][et_pb_section fb_built=&#8220;1&#8243; custom_padding_last_edited=&#8220;on|phone&#8220; _builder_version=&#8220;4.14.2&#8243; _module_preset=&#8220;default&#8220; use_background_color_gradient=&#8220;on&#8220; background_color_gradient_start=&#8220;#142a37&#8243; background_color_gradient_end=&#8220;#1c4763&#8243; custom_padding=&#8220;150px||100px||false|false&#8220; custom_padding_tablet=&#8220;150px||100px||false|false&#8220; custom_padding_phone=&#8220;0px||||false|false&#8220; global_colors_info=&#8220;{}&#8220;][et_pb_row column_structure=&#8220;1_3,1_3,1_3&#8243; make_equal=&#8220;on&#8220; _builder_version=&#8220;4.14.2&#8243; _module_preset=&#8220;default&#8220; transform_translate_linked__hover=&#8220;off&#8220; custom_padding=&#8220;10px||10px||false|false&#8220; link_option_url=&#8220;mailto:ole@juhl.engineering&#8220; border_radii=&#8220;on|100px|100px|100px|100px&#8220; border_width_all=&#8220;1px&#8220; border_color_all=&#8220;#ACACAC&#8220; global_colors_info=&#8220;{}&#8220; transform_styles__hover_enabled=&#8220;on|hover&#8220; transform_scale__hover_enabled=&#8220;on|hover&#8220; transform_translate__hover_enabled=&#8220;on|hover&#8220; transform_rotate__hover_enabled=&#8220;on|desktop&#8220; transform_skew__hover_enabled=&#8220;on|desktop&#8220; transform_origin__hover_enabled=&#8220;on|desktop&#8220; transform_translate__hover=&#8220;0px|-5px&#8220;][et_pb_column type=&#8220;1_3&#8243; _builder_version=&#8220;4.13.1&#8243; _module_preset=&#8220;default&#8220; custom_css_main_element=&#8220;margin-top:auto;||margin-bottom:auto;&#8220; global_colors_info=&#8220;{}&#8220;][et_pb_text _builder_version=&#8220;4.14.2&#8243; _module_preset=&#8220;default&#8220; text_orientation=&#8220;right&#8220; text_orientation_tablet=&#8220;center&#8220; text_orientation_phone=&#8220;center&#8220; text_orientation_last_edited=&#8220;on|tablet&#8220; global_colors_info=&#8220;{}&#8220;]<\/p>\n<p>Are you interested in finding out more?<\/p>\n<p>[\/et_pb_text][\/et_pb_column][et_pb_column type=&#8220;1_3&#8243; _builder_version=&#8220;4.13.1&#8243; _module_preset=&#8220;default&#8220; custom_css_main_element=&#8220;margin-top:auto;||margin-bottom:auto;&#8220; global_colors_info=&#8220;{}&#8220;][et_pb_text _builder_version=&#8220;4.13.1&#8243; _module_preset=&#8220;default&#8220; text_orientation=&#8220;center&#8220; global_colors_info=&#8220;{}&#8220;]<span class=\"et-pb-icon\" style=\"font-size: 35px;\">\ue010<\/span>[\/et_pb_text][\/et_pb_column][et_pb_column type=&#8220;1_3&#8243; _builder_version=&#8220;4.13.1&#8243; _module_preset=&#8220;default&#8220; custom_css_main_element=&#8220;margin-top:auto;||margin-bottom:auto;&#8220; global_colors_info=&#8220;{}&#8220;][et_pb_text _builder_version=&#8220;4.14.2&#8243; _module_preset=&#8220;default&#8220; text_orientation_tablet=&#8220;center&#8220; text_orientation_phone=&#8220;center&#8220; text_orientation_last_edited=&#8220;on|tablet&#8220; global_colors_info=&#8220;{}&#8220;]<\/p>\n<p>Please contact me!<\/p>\n<p>[\/et_pb_text][\/et_pb_column][\/et_pb_row][\/et_pb_section]<\/p>","protected":false},"excerpt":{"rendered":"<p>\u00a0,,Zusammenkommen ist ein Beginn, zusammenbleiben ist ein Fortschritt, zusammenarbeiten ist ein Erfolg.&#8220; Leonardo Da Vinci &nbsp;ProjekteMeine Arbeit bietet mir nicht nur inhaltlich eine gro\u00dfe Diversit\u00e4t, sondern auch auf der kollegialen Ebene. Wie sagt man immer so sch\u00f6n: \u201eAndere L\u00e4nder andere Sitten.\u201c Durch meine zahlreichen Aus- und Weiterbildungen habe ich mir ein Einsatzgebiet erarbeitet, welches den [&hellip;]<\/p>","protected":false},"author":1,"featured_media":0,"parent":0,"menu_order":0,"comment_status":"closed","ping_status":"closed","template":"","meta":{"_et_pb_use_builder":"on","_et_pb_old_content":"","_et_gb_content_width":"","footnotes":""},"class_list":["post-58","page","type-page","status-publish","hentry"],"_links":{"self":[{"href":"https:\/\/juhl.engineering\/en\/wp-json\/wp\/v2\/pages\/58","targetHints":{"allow":["GET"]}}],"collection":[{"href":"https:\/\/juhl.engineering\/en\/wp-json\/wp\/v2\/pages"}],"about":[{"href":"https:\/\/juhl.engineering\/en\/wp-json\/wp\/v2\/types\/page"}],"author":[{"embeddable":true,"href":"https:\/\/juhl.engineering\/en\/wp-json\/wp\/v2\/users\/1"}],"replies":[{"embeddable":true,"href":"https:\/\/juhl.engineering\/en\/wp-json\/wp\/v2\/comments?post=58"}],"version-history":[{"count":31,"href":"https:\/\/juhl.engineering\/en\/wp-json\/wp\/v2\/pages\/58\/revisions"}],"predecessor-version":[{"id":236194,"href":"https:\/\/juhl.engineering\/en\/wp-json\/wp\/v2\/pages\/58\/revisions\/236194"}],"wp:attachment":[{"href":"https:\/\/juhl.engineering\/en\/wp-json\/wp\/v2\/media?parent=58"}],"curies":[{"name":"wp","href":"https:\/\/api.w.org\/{rel}","templated":true}]}}